{"id":1210,"date":"2014-10-30T14:33:38","date_gmt":"2014-10-30T12:33:38","guid":{"rendered":"http:\/\/www.unihockeyfelsberg.ch\/de\/?page_id=1210"},"modified":"2025-10-07T21:22:52","modified_gmt":"2025-10-07T19:22:52","slug":"sponsoren-partner","status":"publish","type":"page","link":"https:\/\/www.unihockeyfelsberg.ch\/de\/sponsoren-partner\/","title":{"rendered":"Sponsoren \/ Partner"},"content":{"rendered":"<table>\n<tbody>\n<tr>\n<td style=\"width: 50%;\"><strong>Hauptsponsor<\/strong><\/td>\n<td style=\"width: 50%;\"><a href=\"http:\/\/www.rhiienergie.ch\" target=\"_blank\" rel=\"noopener\"><img decoding=\"async\" src=\"\/de\/wp-content\/uploads\/2014\/05\/rhiienergie.png\" alt=\"\"><\/a><\/td>\n<\/tr>\n<tr>\n<td style=\"width: 50%;\"><strong>Co-Sponsor<\/strong><\/td>\n<td style=\"width: 50%;\"><a href=\"http:\/\/www.nuessler.ch\/\" target=\"_blank\" rel=\"noopener\"><img loading=\"lazy\" decoding=\"async\" class=\"alignnone\" src=\"\/de\/wp-content\/uploads\/2014\/05\/nuessler.png\" alt=\"\" width=\"200\" height=\"55\"><\/a><\/td>\n<\/tr>\n<tr>\n<td style=\"width: 50%;\"><strong>Materialsponsor<\/strong><\/td>\n<td style=\"width: 50%;\"><a href=\"https:\/\/www.stockschlag.ch\/\" target=\"_blank\" rel=\"noopener\"><img loading=\"lazy\" decoding=\"async\" class=\"alignone\" src=\"\/de\/wp-content\/uploads\/2023\/06\/stockschlag.ch_.png\" alt=\"\" width=\"200\" height=\"55\"><\/a><\/td>\n<\/tr>\n<tr>\n<td style=\"width: 50%;\"><strong>Sponsor<\/strong><\/td>\n<td style=\"width: 50%;\"><a href=\"https:\/\/sportbeat.ch\/\" target=\"_blank\" rel=\"noopener\"><img loading=\"lazy\" decoding=\"async\" class=\"alignnone wp-image-20212 size-full\" src=\"https:\/\/www.unihockeyfelsberg.ch\/de\/wp-content\/uploads\/2023\/11\/SportBeat.png\" alt=\"\" width=\"200\" height=\"55\" srcset=\"https:\/\/www.unihockeyfelsberg.ch\/de\/wp-content\/uploads\/2023\/11\/SportBeat.png 200w, https:\/\/www.unihockeyfelsberg.ch\/de\/wp-content\/uploads\/2023\/11\/SportBeat-4x1.png 4w\" sizes=\"auto, (max-width: 200px) 100vw, 200px\" \/><\/a><\/td>\n<\/tr>\n<tr>\n<td style=\"width: 50%;\"><strong>Sponsor<\/strong><\/td>\n<td style=\"width: 50%;\"><a href=\"https:\/\/www.hew.ch\/\" target=\"_blank\" rel=\"noopener\"><img loading=\"lazy\" decoding=\"async\" class=\"alignnone wp-image-20211 size-full\" src=\"https:\/\/www.unihockeyfelsberg.ch\/de\/wp-content\/uploads\/2023\/11\/Hew.png\" alt=\"\" width=\"200\" height=\"55\" srcset=\"https:\/\/www.unihockeyfelsberg.ch\/de\/wp-content\/uploads\/2023\/11\/Hew.png 200w, https:\/\/www.unihockeyfelsberg.ch\/de\/wp-content\/uploads\/2023\/11\/Hew-4x1.png 4w\" sizes=\"auto, (max-width: 200px) 100vw, 200px\" \/><\/a>&nbsp;<\/td>\n<\/tr>\n<\/tbody>\n<\/table>\n<h4>Bandensponsoren<\/h4>\n<table>\n<tbody>\n<tr>\n<td>&nbsp;<a href=\"http:\/\/www.biohof-danuser.ch\/\" target=\"_blank\" rel=\"noopener\">Biohof Danuser, Felsberg<\/a><\/td>\n<td>&nbsp;<a href=\"http:\/\/www.fanzun.ch\/\" target=\"_blank\" rel=\"noopener\">Fanzun AG, Chur<\/a><\/td>\n<\/tr>\n<tr>\n<td>&nbsp;<a href=\"http:\/\/www.gasser.ch\/index.php\" target=\"_blank\" rel=\"noopener\">Gasser Baumaterialien, Haldenstein<\/a><\/td>\n<td>&nbsp;<a href=\"http:\/\/www.maler-mettier.ch\/\" target=\"_blank\" rel=\"noopener\">Jonny Mettier Malergesch\u00e4ft, Felsberg<\/a><\/td>\n<\/tr>\n<tr>\n<td>&nbsp;Prontobau AG, Chur<\/td>\n<td>&nbsp;<a href=\"http:\/\/www.remifelsberg.ch\/\" target=\"_blank\" rel=\"noopener\">Remi Felsberg AG<\/a><\/td>\n<\/tr>\n<tr>\n<td>&nbsp;<a href=\"https:\/\/www.axa-winterthur.ch\/de\/kontakt-service\/agenturen\/Seiten\/Chur_200785.aspx\" target=\"_blank\" rel=\"noopener\">Roman F\u00fcmberger, AXA Versicheurungen<\/a><\/td>\n<td>&nbsp;<a href=\"http:\/\/www.sanitastroesch.ch\/chur\" target=\"_blank\" rel=\"noopener\">Sanitas Tr\u00f6sch, Chur<\/a><\/td>\n<\/tr>\n<tr>\n<td>&nbsp;<a href=\"http:\/\/www.schneebeli-ag.ch\/\" target=\"_blank\" rel=\"noopener\">Schneebeli AG, Felsberg<\/a><\/td>\n<td>&nbsp;Walther und Partner, Chur<\/td>\n<\/tr>\n<tr>\n<td><a href=\"http:\/\/www.holzwerkstatt-treppenbau.ch\" target=\"_blank\" rel=\"noopener\">&nbsp;Holzwerkstatt Christoph Schmid, Felsberg<\/a><\/td>\n<td><a href=\"http:\/\/www.bdo.ch\" target=\"_blank\" rel=\"noopener\">&nbsp; BDO AG, Schweiz<\/a><\/td>\n<\/tr>\n<\/tbody>\n<\/table>\n<h4>Diverse Sponsoren<\/h4>\n<table>\n<tbody>\n<tr>\n<td style=\"width: 50%;\"><a href=\"http:\/\/www.felsberg.ch\" target=\"_blank\" rel=\"noopener\"><img decoding=\"async\" src=\"\/de\/wp-content\/uploads\/2014\/09\/s-felsberg.png\" alt=\"\"><\/a><\/td>\n<td style=\"width: 50%;\"><a href=\"http:\/\/www.avs.gr.ch\" target=\"_blank\" rel=\"noopener\"><img decoding=\"async\" src=\"\/de\/wp-content\/uploads\/2023\/05\/gr-sport.png\" alt=\"\"><\/a><\/td>\n<\/tr>\n<tr>\n<td style=\"width: 50%;\"><strong>Jugend + Sport<\/strong><\/td>\n<td style=\"width: 50%;\"><a href=\"http:\/\/www.jugendundsport.ch\" target=\"_blank\" rel=\"noopener\"><img decoding=\"async\" src=\"\/de\/wp-content\/uploads\/2014\/09\/s-JS.png\" alt=\"\"><\/a><\/td>\n<\/tr>\n<\/tbody>\n<\/table>\n<h4>Partner Vereine<\/h4>\n<table style=\"height: 195px;\" width=\"214\">\n<tbody>\n<tr>\n<td style=\"width: 50%;\"><a href=\"http:\/\/www.uhc-domat-ems.ch\" target=\"_blank\" rel=\"noopener\"><img loading=\"lazy\" decoding=\"async\" class=\"alignnone size-full wp-image-20498\" src=\"https:\/\/www.unihockeyfelsberg.ch\/de\/wp-content\/uploads\/2025\/10\/UHCDomatEms-Logo.png\" alt=\"\" width=\"200\" height=\"55\" srcset=\"https:\/\/www.unihockeyfelsberg.ch\/de\/wp-content\/uploads\/2025\/10\/UHCDomatEms-Logo.png 200w, https:\/\/www.unihockeyfelsberg.ch\/de\/wp-content\/uploads\/2025\/10\/UHCDomatEms-Logo-4x1.png 4w\" sizes=\"auto, (max-width: 200px) 100vw, 200px\" \/><\/a><\/td>\n<\/tr>\n<tr>\n<td style=\"width: 50%;\"><a href=\"http:\/\/www.calandaflyers.ch\" target=\"_blank\" rel=\"noopener\"><img loading=\"lazy\" decoding=\"async\" class=\"alignnone size-full wp-image-20495\" src=\"https:\/\/www.unihockeyfelsberg.ch\/de\/wp-content\/uploads\/2025\/10\/CalandaFlyers-Logo.png\" alt=\"\" width=\"200\" height=\"55\" srcset=\"https:\/\/www.unihockeyfelsberg.ch\/de\/wp-content\/uploads\/2025\/10\/CalandaFlyers-Logo.png 200w, https:\/\/www.unihockeyfelsberg.ch\/de\/wp-content\/uploads\/2025\/10\/CalandaFlyers-Logo-4x1.png 4w\" sizes=\"auto, (max-width: 200px) 100vw, 200px\" \/><\/a><\/td>\n<\/tr>\n<tr>\n<td style=\"width: 50%;\"><a href=\"https:\/\/www.floorballchurunited.ch\" target=\"_blank\" rel=\"noopener\"><img loading=\"lazy\" decoding=\"async\" class=\"alignnone size-full wp-image-20496\" src=\"https:\/\/www.unihockeyfelsberg.ch\/de\/wp-content\/uploads\/2025\/10\/FBCU-Logo.png\" alt=\"\" width=\"200\" height=\"55\" srcset=\"https:\/\/www.unihockeyfelsberg.ch\/de\/wp-content\/uploads\/2025\/10\/FBCU-Logo.png 200w, https:\/\/www.unihockeyfelsberg.ch\/de\/wp-content\/uploads\/2025\/10\/FBCU-Logo-4x1.png 4w\" sizes=\"auto, (max-width: 200px) 100vw, 200px\" \/><\/a><\/td>\n<\/tr>\n<\/tbody>\n<\/table>\n<p>&nbsp;<\/p>\n","protected":false},"excerpt":{"rendered":"<p>Hauptsponsor Co-Sponsor Materialsponsor Sponsor Sponsor &nbsp; Bandensponsoren &nbsp;Biohof Danuser, Felsberg &nbsp;Fanzun AG, Chur &nbsp;Gasser Baumaterialien, Haldenstein &nbsp;Jonny Mettier Malergesch\u00e4ft, Felsberg &nbsp;Prontobau AG, Chur &nbsp;Remi Felsberg AG &nbsp;Roman F\u00fcmberger, AXA Versicheurungen &nbsp;Sanitas Tr\u00f6sch, Chur &nbsp;Schneebeli AG, Felsberg &nbsp;Walther und Partner, Chur &nbsp;Holzwerkstatt Christoph Schmid, Felsberg &nbsp; BDO AG, Schweiz Diverse Sponsoren Jugend + Sport Partner Vereine [&hellip;]<\/p>\n","protected":false},"author":4,"featured_media":0,"parent":0,"menu_order":75,"comment_status":"closed","ping_status":"closed","template":"","meta":{"ngg_post_thumbnail":0,"footnotes":"","_links_to":"","_links_to_target":""},"class_list":["post-1210","page","type-page","status-publish","hentry"],"_links":{"self":[{"href":"https:\/\/www.unihockeyfelsberg.ch\/de\/wp-json\/wp\/v2\/pages\/1210","targetHints":{"allow":["GET"]}}],"collection":[{"href":"https:\/\/www.unihockeyfelsberg.ch\/de\/wp-json\/wp\/v2\/pages"}],"about":[{"href":"https:\/\/www.unihockeyfelsberg.ch\/de\/wp-json\/wp\/v2\/types\/page"}],"author":[{"embeddable":true,"href":"https:\/\/www.unihockeyfelsberg.ch\/de\/wp-json\/wp\/v2\/users\/4"}],"replies":[{"embeddable":true,"href":"https:\/\/www.unihockeyfelsberg.ch\/de\/wp-json\/wp\/v2\/comments?post=1210"}],"version-history":[{"count":62,"href":"https:\/\/www.unihockeyfelsberg.ch\/de\/wp-json\/wp\/v2\/pages\/1210\/revisions"}],"predecessor-version":[{"id":20504,"href":"https:\/\/www.unihockeyfelsberg.ch\/de\/wp-json\/wp\/v2\/pages\/1210\/revisions\/20504"}],"wp:attachment":[{"href":"https:\/\/www.unihockeyfelsberg.ch\/de\/wp-json\/wp\/v2\/media?parent=1210"}],"curies":[{"name":"wp","href":"https:\/\/api.w.org\/{rel}","templated":true}]}}