{"id":12414,"date":"2017-05-08T13:34:29","date_gmt":"2017-05-08T11:34:29","guid":{"rendered":"http:\/\/www.unihockeyfelsberg.ch\/de\/?page_id=12414"},"modified":"2025-05-28T18:16:51","modified_gmt":"2025-05-28T16:16:51","slug":"e-mini-kids","status":"publish","type":"page","link":"https:\/\/www.unihockeyfelsberg.ch\/de\/teams\/e-mini-kids\/","title":{"rendered":"E-Kids"},"content":{"rendered":"\n<p><strong>Training<\/strong> jeweils <strong>Montag, 17.15 \u2013 18.30;<\/strong>&nbsp;<strong>Mittwoch&nbsp;17.15 \u2013 18.30<br><\/strong>Trainer: Peter Sulser, Fadri W\u00fcrmli, Fabian Eugster<\/p>\n\n\n\n<p><strong><em>Schnuppertrainings m\u00f6glich bis Ende August <\/em><\/strong><\/p>\n\n\n\n<figure class=\"wp-block-table\"><table><tbody><tr><td><strong>Name<\/strong><\/td><td><strong>Vorname<\/strong><\/td><\/tr><tr><td>Cadosch<\/td><td>Lionel<\/td><\/tr><tr><td>Cadosch<\/td><td>Silas<\/td><\/tr><tr><td>Genco<\/td><td>Neo<\/td><\/tr><tr><td>J\u00e4ger<\/td><td>Leonie<\/td><\/tr><tr><td>John<\/td><td>Emma<\/td><\/tr><tr><td>Kradolfer<\/td><td>Jolina<\/td><\/tr><tr><td>Luppi<\/td><td>Gian-Andri<\/td><\/tr><tr><td>Luppi<\/td><td>Levin<\/td><\/tr><tr><td>Nagy<\/td><td>Laurenz<\/td><\/tr><tr><td>Nold<\/td><td>Leana<\/td><\/tr><tr><td>Nyffenegger<\/td><td>Laurin<\/td><\/tr><tr><td>Palombo<\/td><td>Fiona<\/td><\/tr><tr><td>Plump<\/td><td>Curdin<\/td><\/tr><tr><td>Roner<\/td><td>Nico<\/td><\/tr><tr><td>Stalder<\/td><td>Nela-Giuliana<\/td><\/tr><tr><td>Sulser<\/td><td>Hailey<\/td><\/tr><tr><td>W\u00fcrmli<\/td><td>Daria<\/td><\/tr><\/tbody><\/table><\/figure>\n","protected":false},"excerpt":{"rendered":"<p>Training jeweils Montag, 17.15 \u2013 18.30;&nbsp;Mittwoch&nbsp;17.15 \u2013 18.30Trainer: Peter Sulser, Fadri W\u00fcrmli, Fabian Eugster Schnuppertrainings m\u00f6glich bis Ende August Name Vorname Cadosch Lionel Cadosch Silas Genco Neo J\u00e4ger Leonie John Emma Kradolfer Jolina Luppi Gian-Andri Luppi Levin Nagy Laurenz Nold Leana Nyffenegger Laurin Palombo Fiona Plump Curdin Roner Nico Stalder Nela-Giuliana Sulser Hailey W\u00fcrmli Daria<\/p>\n","protected":false},"author":2,"featured_media":0,"parent":32,"menu_order":20,"comment_status":"closed","ping_status":"closed","template":"","meta":{"ngg_post_thumbnail":0,"footnotes":"","_links_to":"","_links_to_target":""},"class_list":["post-12414","page","type-page","status-publish","hentry"],"_links":{"self":[{"href":"https:\/\/www.unihockeyfelsberg.ch\/de\/wp-json\/wp\/v2\/pages\/12414","targetHints":{"allow":["GET"]}}],"collection":[{"href":"https:\/\/www.unihockeyfelsberg.ch\/de\/wp-json\/wp\/v2\/pages"}],"about":[{"href":"https:\/\/www.unihockeyfelsberg.ch\/de\/wp-json\/wp\/v2\/types\/page"}],"author":[{"embeddable":true,"href":"https:\/\/www.unihockeyfelsberg.ch\/de\/wp-json\/wp\/v2\/users\/2"}],"replies":[{"embeddable":true,"href":"https:\/\/www.unihockeyfelsberg.ch\/de\/wp-json\/wp\/v2\/comments?post=12414"}],"version-history":[{"count":57,"href":"https:\/\/www.unihockeyfelsberg.ch\/de\/wp-json\/wp\/v2\/pages\/12414\/revisions"}],"predecessor-version":[{"id":20431,"href":"https:\/\/www.unihockeyfelsberg.ch\/de\/wp-json\/wp\/v2\/pages\/12414\/revisions\/20431"}],"up":[{"embeddable":true,"href":"https:\/\/www.unihockeyfelsberg.ch\/de\/wp-json\/wp\/v2\/pages\/32"}],"wp:attachment":[{"href":"https:\/\/www.unihockeyfelsberg.ch\/de\/wp-json\/wp\/v2\/media?parent=12414"}],"curies":[{"name":"wp","href":"https:\/\/api.w.org\/{rel}","templated":true}]}}