{"id":42,"date":"2014-05-14T15:36:21","date_gmt":"2014-05-14T13:36:21","guid":{"rendered":"http:\/\/unihockeyfelsberg.ch\/de\/?page_id=42"},"modified":"2025-06-24T21:30:31","modified_gmt":"2025-06-24T19:30:31","slug":"links","status":"publish","type":"page","link":"https:\/\/www.unihockeyfelsberg.ch\/de\/links\/","title":{"rendered":"Links"},"content":{"rendered":"\n<figure class=\"wp-block-image size-full is-resized\"><a href=\"https:\/\/www.stockschlag.ch\/de\/verein\/unihockey-felsberg.html\" target=\"_blank\" rel=\"noreferrer noopener\"><img loading=\"lazy\" decoding=\"async\" width=\"882\" height=\"466\" src=\"https:\/\/www.unihockeyfelsberg.ch\/de\/wp-content\/uploads\/2024\/04\/Fanshop.png\" alt=\"\" class=\"wp-image-20276\" style=\"width:238px;height:auto\" srcset=\"https:\/\/www.unihockeyfelsberg.ch\/de\/wp-content\/uploads\/2024\/04\/Fanshop.png 882w, https:\/\/www.unihockeyfelsberg.ch\/de\/wp-content\/uploads\/2024\/04\/Fanshop-300x159.png 300w, https:\/\/www.unihockeyfelsberg.ch\/de\/wp-content\/uploads\/2024\/04\/Fanshop-768x406.png 768w, https:\/\/www.unihockeyfelsberg.ch\/de\/wp-content\/uploads\/2024\/04\/Fanshop-2x1.png 2w\" sizes=\"auto, (max-width: 882px) 100vw, 882px\" \/><\/a><\/figure>\n\n\n<p>\u200b<\/p>\n<table>\n<tbody>\n<tr>\n<td><a href=\"http:\/\/www.unihockey.ch\/\" target=\"_blank\" rel=\"noopener\">Unihockey.ch<\/a><\/td>\n<td><img decoding=\"async\" src=\"\/de\/wp-content\/uploads\/2014\/05\/unihockey-ch1.png\" alt=\"unihockey-ch\"><\/td>\n<\/tr>\n<tr>\n<td><a href=\"http:\/\/www.swissunihockey.ch\/\">Swiss Unihockey&nbsp;<\/a><\/td>\n<td><img decoding=\"async\" src=\"\/de\/wp-content\/uploads\/2014\/05\/swiss-unihockey.png\" alt=\"swiss-unihockey\"><\/td>\n<\/tr>\n<tr>\n<td><a href=\"http:\/\/www.buv.ch\/\" target=\"_blank\" rel=\"noopener\">B\u00fcndner Unihockey Verband&nbsp;<\/a><\/td>\n<td><img decoding=\"async\" src=\"\/de\/wp-content\/uploads\/2014\/05\/gr-unihockey.png\" alt=\"gr-unihockey\"><\/td>\n<\/tr>\n<tr>\n<td><a href=\"http:\/\/www.floorball.org\/\" target=\"_blank\" rel=\"noopener\">International Floorball Federation (IFF)<\/a><\/td>\n<td><img decoding=\"async\" src=\"\/de\/wp-content\/uploads\/2014\/05\/iff.png\" alt=\"iff\"><\/td>\n<\/tr>\n<tr>\n<td><a href=\"http:\/\/www.jugendundsport.ch\/\" target=\"_blank\" rel=\"noopener\">Bundesamt f\u00fcr Sport BASPO<\/a><\/td>\n<td><a href=\"https:\/\/www.unihockeyfelsberg.ch\/de\/wp-content\/uploads\/2014\/05\/baspo.png\"><img loading=\"lazy\" decoding=\"async\" class=\"size-thumbnail wp-image-466 aligncenter\" src=\"https:\/\/www.unihockeyfelsberg.ch\/de\/wp-content\/uploads\/2014\/05\/baspo-150x80.png\" alt=\"\" width=\"150\" height=\"80\" srcset=\"https:\/\/www.unihockeyfelsberg.ch\/de\/wp-content\/uploads\/2014\/05\/baspo-150x80.png 150w, https:\/\/www.unihockeyfelsberg.ch\/de\/wp-content\/uploads\/2014\/05\/baspo-3x1.png 3w\" sizes=\"auto, (max-width: 150px) 100vw, 150px\" \/><\/a><\/td>\n<\/tr>\n<tr>\n<td><a href=\"http:\/\/www.gr.ch\/DE\/institutionen\/verwaltung\/ekud\/avs\/Dienstleistungen\/sport\/js\/Seiten\/infos.aspx\" target=\"_blank\" rel=\"noopener\">Amt f\u00fcr Volksschule und Sport&nbsp;Graub\u00fcnden<\/a><\/td>\n<td><img decoding=\"async\" class=\"aligncenter\" src=\"\/de\/wp-content\/uploads\/2023\/05\/gr-sport.png\" alt=\"graubuendensport\"><\/td>\n<\/tr>\n<tr>\n<td><a href=\"https:\/\/www.floorballchurunited.ch\/\" target=\"_blank\" rel=\"noopener\">Floorball Chur United<\/a><\/td>\n<td><a href=\"https:\/\/www.unihockeyfelsberg.ch\/de\/wp-content\/uploads\/2025\/06\/FBCU.jpg\"><img loading=\"lazy\" decoding=\"async\" class=\"alignnone size-full wp-image-20469\" src=\"https:\/\/www.unihockeyfelsberg.ch\/de\/wp-content\/uploads\/2025\/06\/FBCU.jpg\" alt=\"\" width=\"300\" height=\"80\" srcset=\"https:\/\/www.unihockeyfelsberg.ch\/de\/wp-content\/uploads\/2025\/06\/FBCU.jpg 300w, https:\/\/www.unihockeyfelsberg.ch\/de\/wp-content\/uploads\/2025\/06\/FBCU-4x1.jpg 4w\" sizes=\"auto, (max-width: 300px) 100vw, 300px\" \/><\/a><\/td>\n<\/tr>\n<tr>\n<td><a href=\"https:\/\/www.uhc-domatems.ch\/\" target=\"_blank\" rel=\"noopener\">UHC Domat\/Ems&nbsp;<\/a><\/td>\n<td><img decoding=\"async\" src=\"\/de\/wp-content\/uploads\/2014\/05\/uhc-domat-ems.png\" alt=\"uhc-domat-ems\"><\/td>\n<\/tr>\n<tr>\n<td><a href=\"http:\/\/www.calandaflyers.ch\" target=\"_blank\" rel=\"noopener\">Calanda Flyers&nbsp;<\/a><\/td>\n<td><img decoding=\"async\" src=\"\/de\/wp-content\/uploads\/2018\/08\/calandaflyers.png\" alt=\"calandaflyers\"><\/td>\n<\/tr>\n<\/tbody>\n<\/table>","protected":false},"excerpt":{"rendered":"<p>\u200b Unihockey.ch Swiss Unihockey&nbsp; B\u00fcndner Unihockey Verband&nbsp; International Floorball Federation (IFF) Bundesamt f\u00fcr Sport BASPO Amt f\u00fcr Volksschule und Sport&nbsp;Graub\u00fcnden Floorball Chur United UHC Domat\/Ems&nbsp; Calanda Flyers&nbsp;<\/p>\n","protected":false},"author":4,"featured_media":0,"parent":0,"menu_order":70,"comment_status":"closed","ping_status":"closed","template":"","meta":{"ngg_post_thumbnail":0,"footnotes":"","_links_to":"","_links_to_target":""},"class_list":["post-42","page","type-page","status-publish","hentry"],"_links":{"self":[{"href":"https:\/\/www.unihockeyfelsberg.ch\/de\/wp-json\/wp\/v2\/pages\/42","targetHints":{"allow":["GET"]}}],"collection":[{"href":"https:\/\/www.unihockeyfelsberg.ch\/de\/wp-json\/wp\/v2\/pages"}],"about":[{"href":"https:\/\/www.unihockeyfelsberg.ch\/de\/wp-json\/wp\/v2\/types\/page"}],"author":[{"embeddable":true,"href":"https:\/\/www.unihockeyfelsberg.ch\/de\/wp-json\/wp\/v2\/users\/4"}],"replies":[{"embeddable":true,"href":"https:\/\/www.unihockeyfelsberg.ch\/de\/wp-json\/wp\/v2\/comments?post=42"}],"version-history":[{"count":24,"href":"https:\/\/www.unihockeyfelsberg.ch\/de\/wp-json\/wp\/v2\/pages\/42\/revisions"}],"predecessor-version":[{"id":20472,"href":"https:\/\/www.unihockeyfelsberg.ch\/de\/wp-json\/wp\/v2\/pages\/42\/revisions\/20472"}],"wp:attachment":[{"href":"https:\/\/www.unihockeyfelsberg.ch\/de\/wp-json\/wp\/v2\/media?parent=42"}],"curies":[{"name":"wp","href":"https:\/\/api.w.org\/{rel}","templated":true}]}}