{"id":61,"date":"2014-05-14T16:15:05","date_gmt":"2014-05-14T14:15:05","guid":{"rendered":"http:\/\/unihockeyfelsberg.ch\/de\/?page_id=61"},"modified":"2016-11-11T00:47:35","modified_gmt":"2016-11-10T22:47:35","slug":"philosophie","status":"publish","type":"page","link":"https:\/\/www.unihockeyfelsberg.ch\/de\/verein\/philosophie\/","title":{"rendered":"Philosophie"},"content":{"rendered":"<p><a href=\"https:\/\/unihockeyfelsberg.ch\/de\/verein16_17\/\"><img loading=\"lazy\" decoding=\"async\" class=\"alignnone wp-image-12159 size-large\" src=\"https:\/\/unihockeyfelsberg.ch\/de\/wp-content\/uploads\/2016\/11\/Verein16_17-1024x661.jpg\" width=\"654\" height=\"422\" srcset=\"https:\/\/www.unihockeyfelsberg.ch\/de\/wp-content\/uploads\/2016\/11\/Verein16_17-1024x661.jpg 1024w, https:\/\/www.unihockeyfelsberg.ch\/de\/wp-content\/uploads\/2016\/11\/Verein16_17-300x194.jpg 300w, https:\/\/www.unihockeyfelsberg.ch\/de\/wp-content\/uploads\/2016\/11\/Verein16_17-768x496.jpg 768w, https:\/\/www.unihockeyfelsberg.ch\/de\/wp-content\/uploads\/2016\/11\/Verein16_17-2x1.jpg 2w, https:\/\/www.unihockeyfelsberg.ch\/de\/wp-content\/uploads\/2016\/11\/Verein16_17.jpg 1496w\" sizes=\"auto, (max-width: 654px) 100vw, 654px\" \/><\/a><br \/>\n<strong>Unser Verein &#8211; klein aber fein<\/strong><br \/>\n<strong> mit dem Kind im Mittelpunkt<\/strong><br \/>\nBei uns sind <strong>M\u00e4dchen und Knaben<\/strong> willkommen.<br \/>\nNeben der ganzheitlichen sportlichen F\u00f6rderung stehen Charakterbildung, Entwicklung von Teamf\u00e4higkeit,<br \/>\ndas Vereinsleben und eine <strong>hohe soziale Komponente<\/strong> im Vordergrund.<br \/>\nWir f\u00f6rdern die <strong>Eingliederung der Jugendlichen in unsere Gesellschaft<\/strong> und leisten eine wichtige soziale Arbeit.<br \/>\nWir wollen durch <strong>professionelle Arbeit<\/strong> die Entwicklung der Kinder und des Unihockeysports f\u00f6rdern.<br \/>\nWir wollen durch <strong>Disziplin und Fairness<\/strong> auf und neben dem Spielfeld auffallen.<br \/>\nWir setzen mehr auf <strong>Qualit\u00e4t statt<\/strong> auf <strong>Quantit\u00e4t<\/strong>.<br \/>\nWir sind f\u00fcr unsere Sponsoren, Partner und Mitglieder ein <strong>zuverl\u00e4ssiger und fairer Partner<\/strong>.<br \/>\nWir gehen mit unseren finanziellen Mitteln sorgsam um und wollen jederzeit auf einem <strong>gesunden finanziellen Fundament<\/strong> stehen<\/p>\n<p><strong>Unsere Nachwuchsarbeit &#8211;<\/strong><br \/>\n<strong> unsere absolute Priorit\u00e4t<\/strong><br \/>\nDie Nachwuchsarbeit basiert auf einer <strong>schrittweisen, stufengerechten Ausbildung<\/strong>. Kombiniert wird diese<br \/>\nPhilosophie mit dem Aufbau eines grossartigen Teamgeists.<br \/>\nErreichen wollen wir dies mit einer engen <strong>Zusammenarbeit<\/strong> mit den \u00fcbrigen Felsberger Sportvereinen und<br \/>\nden beiden Churer Unihockey-Grossvereinen Chur Unihockey und Piranha Chur.<br \/>\nAuf den von uns gef\u00fchrten Stufen F-Kids, E-Kids + D-Junioren stehen neben dem Unihockeysport das spielerische<br \/>\nErlernen der Bewegungsabl\u00e4ufe, koordinative und <strong>polysportive Elemente<\/strong> im Vordergrund.<\/p>\n<p><strong>Unsere Leitlinien in der Nachwuchsausbildung<\/strong><br \/>\n&#8211; sorgf\u00e4ltige sportliche Unihockey Ausbildung<br \/>\n&#8211; keine Sportarten-Spezialisierung im Primarschulalter<br \/>\n&#8211; F\u00f6rderung polysportive Ausbildung<br \/>\n&#8211; koordinative Ausbildung (Beweglichkeit, Gleichgewicht, usw.)<br \/>\n&#8211; ausgebildete Trainer<br \/>\n&#8211; soziale Betreuung<br \/>\n&#8211; f\u00fcr jede Stufe jedes Jahr einen Unihockeyanlass in Felsberg<br \/>\n&#8211; Kontaktpflege zu den Eltern<br \/>\n&#8211; Vereinstag und Teamanl\u00e4sse f\u00fcr die F\u00f6rderung des Vereinslebens<\/p>\n","protected":false},"excerpt":{"rendered":"<p>Unser Verein &#8211; klein aber fein mit dem Kind im Mittelpunkt Bei uns sind M\u00e4dchen und Knaben willkommen. Neben der ganzheitlichen sportlichen F\u00f6rderung stehen Charakterbildung, Entwicklung von Teamf\u00e4higkeit, das Vereinsleben und eine hohe soziale Komponente im Vordergrund. Wir f\u00f6rdern die Eingliederung der Jugendlichen in unsere Gesellschaft und leisten eine wichtige soziale Arbeit. Wir wollen durch [&hellip;]<\/p>\n","protected":false},"author":4,"featured_media":0,"parent":36,"menu_order":10,"comment_status":"closed","ping_status":"closed","template":"","meta":{"ngg_post_thumbnail":0,"footnotes":"","_links_to":"","_links_to_target":""},"class_list":["post-61","page","type-page","status-publish","hentry"],"_links":{"self":[{"href":"https:\/\/www.unihockeyfelsberg.ch\/de\/wp-json\/wp\/v2\/pages\/61","targetHints":{"allow":["GET"]}}],"collection":[{"href":"https:\/\/www.unihockeyfelsberg.ch\/de\/wp-json\/wp\/v2\/pages"}],"about":[{"href":"https:\/\/www.unihockeyfelsberg.ch\/de\/wp-json\/wp\/v2\/types\/page"}],"author":[{"embeddable":true,"href":"https:\/\/www.unihockeyfelsberg.ch\/de\/wp-json\/wp\/v2\/users\/4"}],"replies":[{"embeddable":true,"href":"https:\/\/www.unihockeyfelsberg.ch\/de\/wp-json\/wp\/v2\/comments?post=61"}],"version-history":[{"count":4,"href":"https:\/\/www.unihockeyfelsberg.ch\/de\/wp-json\/wp\/v2\/pages\/61\/revisions"}],"predecessor-version":[{"id":12360,"href":"https:\/\/www.unihockeyfelsberg.ch\/de\/wp-json\/wp\/v2\/pages\/61\/revisions\/12360"}],"up":[{"embeddable":true,"href":"https:\/\/www.unihockeyfelsberg.ch\/de\/wp-json\/wp\/v2\/pages\/36"}],"wp:attachment":[{"href":"https:\/\/www.unihockeyfelsberg.ch\/de\/wp-json\/wp\/v2\/media?parent=61"}],"curies":[{"name":"wp","href":"https:\/\/api.w.org\/{rel}","templated":true}]}}